{"id":557,"date":"2020-09-24T10:52:46","date_gmt":"2020-09-24T14:52:46","guid":{"rendered":"https:\/\/www.servicemirkacanada.com\/?page_id=557"},"modified":"2025-01-17T11:54:47","modified_gmt":"2025-01-17T15:54:47","slug":"service-mirka-canada-2","status":"publish","type":"page","link":"https:\/\/www.servicemirkacanada.com\/fr\/","title":{"rendered":"R\u00e9paration d\u2019outils Mirka Canada"},"content":{"rendered":"\r\n<p>Pour un diagnostic complet du probl\u00e8me, il est n\u00e9cessaire de retourner les \u00e9l\u00e9ments suivants au centre de service :<\/p>\r\n\r\n\r\n\r\n<ul class=\"wp-block-list\">\r\n<li>LE CABLE D&#8217;ALIMENTATION DOIT ETRE ENVOYER AVEC L&#8217;OUTIL<\/li>\r\n<li>Formulaire de commande de r\u00e9paration<\/li>\r\n<li>Preuve d&#8217;achat<\/li>\r\n<li>Outil avec plateau et cordon d&#8217;alimentation<\/li>\r\n<li>Transformateur avec cable d&#8217;alimentation (Mirka CEROS uniquement)<\/li>\r\n<\/ul>\r\n\r\n\r\n\r\n<p>Ne retourner pas les tuyaux d&#8217;aspiration coaxiaux, les aspirateurs, les bo\u00eetiers en plastique, les manuels d&#8217;instructions ou autres accessoires.<\/p>\r\n\r\n\r\n\r\n<p class=\"has-text-align-center\">POUR TOUTES LES R\u00c9PARATIONS SOUS GARANTIE, UNE COPIE DE LA PREUVE D&#8217;ACHAT DOIT \u00caTRE T\u00c9L\u00c9CHARG\u00c9E AVEC LA R\u00c9CLAMATION.<\/p>\r\n\r\n\r\n\r\n<p>Vous recevrez un couriel contenant un lien vers une \u00e9tiquette d&#8217;exp\u00e9dition FedEx, une copie de votre bon de commande de r\u00e9paration et des instructions d&#8217;exp\u00e9dition. Assurez-vous que votre outil est emball\u00e9 et pr\u00eat \u00e0 \u00eatre exp\u00e9di\u00e9, car une cueillette FedEx sera programm\u00e9 le jour m\u00eame de la r\u00e9ception de votre demande de r\u00e9paration ou le jour ouvrable suivant.<\/p>\r\n\r\n\r\n\r\n<p>Si vous avez des questions, contactez notre centre de service autoris\u00e9 par t\u00e9l\u00e9phone (514)316-0446 ou par courriel services@servicesoem.ca .<\/p>\r\n\r\n\r\n\r\n<p>Veuillez conserver une copie du bon de commande de r\u00e9paration pour vos dossiers et inclure une copie suppl\u00e9mentaire avec la r\u00e9paration de votre outil.<\/p>\r\n<p><strong>IMPORTANT<\/strong><\/p>\r\n<p>En raison de la nature inconnue de toute poussi\u00e8re collect\u00e9e et de son contenu possible, et pour garantir la sant\u00e9 et la s\u00e9curit\u00e9 de toutes les personnes concern\u00e9es, toutes les unit\u00e9s d&#8217;extraction de poussi\u00e8re DOIVENT \u00eatre vid\u00e9es et nettoy\u00e9es avant d&#8217;\u00eatre collect\u00e9es. Dans le cas contraire, l&#8217;unit\u00e9 sera renvoy\u00e9e sans toute inspection ou r\u00e9paration effectu\u00e9e a vos frais.<\/p>\r\n<p>Veuillez \u00e9galement vous assurer que les unit\u00e9s d&#8217;extraction de poussi\u00e8re et les sableuses murales LEROS sont bien prot\u00e9g\u00e9es lorsqu&#8217;elles sont emball\u00e9es et pr\u00eates \u00e0 \u00eatre exp\u00e9di\u00e9es.<\/p>\r\n<p>Veuillez avoir les unit\u00e9s emball\u00e9es et prot\u00e9g\u00e9es en toute s\u00e9curit\u00e9 et pr\u00eates \u00e0 \u00eatre collect\u00e9es. Nous ne pouvons accepter aucune responsabilit\u00e9 pour les dommages caus\u00e9s pendant le transport.<\/p>\r\n<p>Veuillez ne pas utiliser d&#8217;emballage portant des symboles de mati\u00e8res dangereuses, car cela retarderait votre colis.<\/p>\r\n\r\n\r\n\r\n<div class=\"wp-block-buttons aligncenter is-layout-flex wp-block-buttons-is-layout-flex\">\r\n<div class=\"wp-block-button\"><a class=\"wp-block-button__link has-text-color has-background\" style=\"background-color: #fec00f; color: #222222;\" href=\"https:\/\/www.servicemirkacanada.com\/fr\/formulaire-de-reclamation\/\" rel=\"https:\/\/www.servicemirkacanada.com\/fr\/formulaire-de-reclamation\/\">FORMULAIRE DE R\u00c9parATION<\/a><\/div>\r\n<\/div>\r\n\r\n\r\n\r\n<p>&nbsp;<\/p>\r\n","protected":false},"excerpt":{"rendered":"<p>Pour un diagnostic complet du probl\u00e8me, il est n\u00e9cessaire de retourner les \u00e9l\u00e9ments suivants au centre de service : LE CABLE D&#8217;ALIMENTATION DOIT ETRE ENVOYER AVEC L&#8217;OUTIL Formulaire de commande de r\u00e9paration Preuve d&#8217;achat Outil avec plateau et cordon d&#8217;alimentation Transformateur avec cable d&#8217;alimentation (Mirka CEROS uniquement) Ne retourner pas les tuyaux d&#8217;aspiration coaxiaux, les [&hellip;]<\/p>\n","protected":false},"author":1,"featured_media":416,"parent":0,"menu_order":0,"comment_status":"closed","ping_status":"closed","template":"","meta":{"nf_dc_page":"","footnotes":""},"class_list":["post-557","page","type-page","status-publish","has-post-thumbnail","hentry"],"yoast_head":"<!-- This site is optimized with the Yoast SEO plugin v27.4 - https:\/\/yoast.com\/product\/yoast-seo-wordpress\/ -->\n<title>R\u00e9paration d\u2019outils Mirka Canada &#8212; Service Mirka Canada<\/title>\n<meta name=\"robots\" content=\"index, follow, max-snippet:-1, max-image-preview:large, max-video-preview:-1\" \/>\n<link rel=\"canonical\" href=\"https:\/\/www.servicemirkacanada.com\/fr\/\" \/>\n<meta property=\"og:locale\" content=\"fr_FR\" \/>\n<meta property=\"og:type\" content=\"article\" \/>\n<meta property=\"og:title\" content=\"R\u00e9paration d\u2019outils Mirka Canada &#8212; Service Mirka Canada\" \/>\n<meta property=\"og:description\" content=\"Pour un diagnostic complet du probl\u00e8me, il est n\u00e9cessaire de retourner les \u00e9l\u00e9ments suivants au centre de service : LE CABLE D&#8217;ALIMENTATION DOIT ETRE ENVOYER AVEC L&#8217;OUTIL Formulaire de commande de r\u00e9paration Preuve d&#8217;achat Outil avec plateau et cordon d&#8217;alimentation Transformateur avec cable d&#8217;alimentation (Mirka CEROS uniquement) Ne retourner pas les tuyaux d&#8217;aspiration coaxiaux, les [&hellip;]\" \/>\n<meta property=\"og:url\" content=\"https:\/\/www.servicemirkacanada.com\/fr\/\" \/>\n<meta property=\"og:site_name\" content=\"Service Mirka Canada\" \/>\n<meta property=\"article:modified_time\" content=\"2025-01-17T15:54:47+00:00\" \/>\n<meta property=\"og:image\" content=\"https:\/\/www.servicemirkacanada.com\/wp-content\/uploads\/2020\/09\/mirka-power-tools-banner-1.jpg\" \/>\n\t<meta property=\"og:image:width\" content=\"1200\" \/>\n\t<meta property=\"og:image:height\" content=\"428\" \/>\n\t<meta property=\"og:image:type\" content=\"image\/jpeg\" \/>\n<meta name=\"twitter:card\" content=\"summary_large_image\" \/>\n<meta name=\"twitter:label1\" content=\"Dur\u00e9e de lecture estim\u00e9e\" \/>\n\t<meta name=\"twitter:data1\" content=\"2 minutes\" \/>\n<script type=\"application\/ld+json\" class=\"yoast-schema-graph\">{\"@context\":\"https:\\\/\\\/schema.org\",\"@graph\":[{\"@type\":\"WebPage\",\"@id\":\"https:\\\/\\\/www.servicemirkacanada.com\\\/fr\\\/\",\"url\":\"https:\\\/\\\/www.servicemirkacanada.com\\\/fr\\\/\",\"name\":\"R\u00e9paration d\u2019outils Mirka Canada &#8212; Service Mirka Canada\",\"isPartOf\":{\"@id\":\"https:\\\/\\\/www.servicemirkacanada.com\\\/fr\\\/#website\"},\"primaryImageOfPage\":{\"@id\":\"https:\\\/\\\/www.servicemirkacanada.com\\\/fr\\\/#primaryimage\"},\"image\":{\"@id\":\"https:\\\/\\\/www.servicemirkacanada.com\\\/fr\\\/#primaryimage\"},\"thumbnailUrl\":\"https:\\\/\\\/i0.wp.com\\\/www.servicemirkacanada.com\\\/wp-content\\\/uploads\\\/2020\\\/09\\\/mirka-power-tools-banner-1.jpg?fit=1200%2C428&ssl=1\",\"datePublished\":\"2020-09-24T14:52:46+00:00\",\"dateModified\":\"2025-01-17T15:54:47+00:00\",\"breadcrumb\":{\"@id\":\"https:\\\/\\\/www.servicemirkacanada.com\\\/fr\\\/#breadcrumb\"},\"inLanguage\":\"fr-FR\",\"potentialAction\":[{\"@type\":\"ReadAction\",\"target\":[\"https:\\\/\\\/www.servicemirkacanada.com\\\/fr\\\/\"]}]},{\"@type\":\"ImageObject\",\"inLanguage\":\"fr-FR\",\"@id\":\"https:\\\/\\\/www.servicemirkacanada.com\\\/fr\\\/#primaryimage\",\"url\":\"https:\\\/\\\/i0.wp.com\\\/www.servicemirkacanada.com\\\/wp-content\\\/uploads\\\/2020\\\/09\\\/mirka-power-tools-banner-1.jpg?fit=1200%2C428&ssl=1\",\"contentUrl\":\"https:\\\/\\\/i0.wp.com\\\/www.servicemirkacanada.com\\\/wp-content\\\/uploads\\\/2020\\\/09\\\/mirka-power-tools-banner-1.jpg?fit=1200%2C428&ssl=1\",\"width\":1200,\"height\":428,\"caption\":\"Service Mirka Canada\"},{\"@type\":\"BreadcrumbList\",\"@id\":\"https:\\\/\\\/www.servicemirkacanada.com\\\/fr\\\/#breadcrumb\",\"itemListElement\":[{\"@type\":\"ListItem\",\"position\":1,\"name\":\"Home\",\"item\":\"https:\\\/\\\/www.servicemirkacanada.com\\\/fr\\\/\"},{\"@type\":\"ListItem\",\"position\":2,\"name\":\"R\u00e9paration d\u2019outils Mirka Canada\"}]},{\"@type\":\"WebSite\",\"@id\":\"https:\\\/\\\/www.servicemirkacanada.com\\\/fr\\\/#website\",\"url\":\"https:\\\/\\\/www.servicemirkacanada.com\\\/fr\\\/\",\"name\":\"Service Mirka Canada\",\"description\":\"\",\"publisher\":{\"@id\":\"https:\\\/\\\/www.servicemirkacanada.com\\\/fr\\\/#organization\"},\"potentialAction\":[{\"@type\":\"SearchAction\",\"target\":{\"@type\":\"EntryPoint\",\"urlTemplate\":\"https:\\\/\\\/www.servicemirkacanada.com\\\/fr\\\/?s={search_term_string}\"},\"query-input\":{\"@type\":\"PropertyValueSpecification\",\"valueRequired\":true,\"valueName\":\"search_term_string\"}}],\"inLanguage\":\"fr-FR\"},{\"@type\":\"Organization\",\"@id\":\"https:\\\/\\\/www.servicemirkacanada.com\\\/fr\\\/#organization\",\"name\":\"Service Mirka Canada\",\"url\":\"https:\\\/\\\/www.servicemirkacanada.com\\\/fr\\\/\",\"logo\":{\"@type\":\"ImageObject\",\"inLanguage\":\"fr-FR\",\"@id\":\"https:\\\/\\\/www.servicemirkacanada.com\\\/fr\\\/#\\\/schema\\\/logo\\\/image\\\/\",\"url\":\"https:\\\/\\\/www.servicemirkacanada.com\\\/wp-content\\\/uploads\\\/2020\\\/09\\\/logo_mirka_ok.png\",\"contentUrl\":\"https:\\\/\\\/www.servicemirkacanada.com\\\/wp-content\\\/uploads\\\/2020\\\/09\\\/logo_mirka_ok.png\",\"width\":182,\"height\":40,\"caption\":\"Service Mirka Canada\"},\"image\":{\"@id\":\"https:\\\/\\\/www.servicemirkacanada.com\\\/fr\\\/#\\\/schema\\\/logo\\\/image\\\/\"}}]}<\/script>\n<!-- \/ Yoast SEO plugin. -->","yoast_head_json":{"title":"R\u00e9paration d\u2019outils Mirka Canada &#8212; Service Mirka Canada","robots":{"index":"index","follow":"follow","max-snippet":"max-snippet:-1","max-image-preview":"max-image-preview:large","max-video-preview":"max-video-preview:-1"},"canonical":"https:\/\/www.servicemirkacanada.com\/fr\/","og_locale":"fr_FR","og_type":"article","og_title":"R\u00e9paration d\u2019outils Mirka Canada &#8212; Service Mirka Canada","og_description":"Pour un diagnostic complet du probl\u00e8me, il est n\u00e9cessaire de retourner les \u00e9l\u00e9ments suivants au centre de service : LE CABLE D&#8217;ALIMENTATION DOIT ETRE ENVOYER AVEC L&#8217;OUTIL Formulaire de commande de r\u00e9paration Preuve d&#8217;achat Outil avec plateau et cordon d&#8217;alimentation Transformateur avec cable d&#8217;alimentation (Mirka CEROS uniquement) Ne retourner pas les tuyaux d&#8217;aspiration coaxiaux, les [&hellip;]","og_url":"https:\/\/www.servicemirkacanada.com\/fr\/","og_site_name":"Service Mirka Canada","article_modified_time":"2025-01-17T15:54:47+00:00","og_image":[{"width":1200,"height":428,"url":"https:\/\/www.servicemirkacanada.com\/wp-content\/uploads\/2020\/09\/mirka-power-tools-banner-1.jpg","type":"image\/jpeg"}],"twitter_card":"summary_large_image","twitter_misc":{"Dur\u00e9e de lecture estim\u00e9e":"2 minutes"},"schema":{"@context":"https:\/\/schema.org","@graph":[{"@type":"WebPage","@id":"https:\/\/www.servicemirkacanada.com\/fr\/","url":"https:\/\/www.servicemirkacanada.com\/fr\/","name":"R\u00e9paration d\u2019outils Mirka Canada &#8212; Service Mirka Canada","isPartOf":{"@id":"https:\/\/www.servicemirkacanada.com\/fr\/#website"},"primaryImageOfPage":{"@id":"https:\/\/www.servicemirkacanada.com\/fr\/#primaryimage"},"image":{"@id":"https:\/\/www.servicemirkacanada.com\/fr\/#primaryimage"},"thumbnailUrl":"https:\/\/i0.wp.com\/www.servicemirkacanada.com\/wp-content\/uploads\/2020\/09\/mirka-power-tools-banner-1.jpg?fit=1200%2C428&ssl=1","datePublished":"2020-09-24T14:52:46+00:00","dateModified":"2025-01-17T15:54:47+00:00","breadcrumb":{"@id":"https:\/\/www.servicemirkacanada.com\/fr\/#breadcrumb"},"inLanguage":"fr-FR","potentialAction":[{"@type":"ReadAction","target":["https:\/\/www.servicemirkacanada.com\/fr\/"]}]},{"@type":"ImageObject","inLanguage":"fr-FR","@id":"https:\/\/www.servicemirkacanada.com\/fr\/#primaryimage","url":"https:\/\/i0.wp.com\/www.servicemirkacanada.com\/wp-content\/uploads\/2020\/09\/mirka-power-tools-banner-1.jpg?fit=1200%2C428&ssl=1","contentUrl":"https:\/\/i0.wp.com\/www.servicemirkacanada.com\/wp-content\/uploads\/2020\/09\/mirka-power-tools-banner-1.jpg?fit=1200%2C428&ssl=1","width":1200,"height":428,"caption":"Service Mirka Canada"},{"@type":"BreadcrumbList","@id":"https:\/\/www.servicemirkacanada.com\/fr\/#breadcrumb","itemListElement":[{"@type":"ListItem","position":1,"name":"Home","item":"https:\/\/www.servicemirkacanada.com\/fr\/"},{"@type":"ListItem","position":2,"name":"R\u00e9paration d\u2019outils Mirka Canada"}]},{"@type":"WebSite","@id":"https:\/\/www.servicemirkacanada.com\/fr\/#website","url":"https:\/\/www.servicemirkacanada.com\/fr\/","name":"Service Mirka Canada","description":"","publisher":{"@id":"https:\/\/www.servicemirkacanada.com\/fr\/#organization"},"potentialAction":[{"@type":"SearchAction","target":{"@type":"EntryPoint","urlTemplate":"https:\/\/www.servicemirkacanada.com\/fr\/?s={search_term_string}"},"query-input":{"@type":"PropertyValueSpecification","valueRequired":true,"valueName":"search_term_string"}}],"inLanguage":"fr-FR"},{"@type":"Organization","@id":"https:\/\/www.servicemirkacanada.com\/fr\/#organization","name":"Service Mirka Canada","url":"https:\/\/www.servicemirkacanada.com\/fr\/","logo":{"@type":"ImageObject","inLanguage":"fr-FR","@id":"https:\/\/www.servicemirkacanada.com\/fr\/#\/schema\/logo\/image\/","url":"https:\/\/www.servicemirkacanada.com\/wp-content\/uploads\/2020\/09\/logo_mirka_ok.png","contentUrl":"https:\/\/www.servicemirkacanada.com\/wp-content\/uploads\/2020\/09\/logo_mirka_ok.png","width":182,"height":40,"caption":"Service Mirka Canada"},"image":{"@id":"https:\/\/www.servicemirkacanada.com\/fr\/#\/schema\/logo\/image\/"}}]}},"jetpack_sharing_enabled":true,"_links":{"self":[{"href":"https:\/\/www.servicemirkacanada.com\/fr\/wp-json\/wp\/v2\/pages\/557","targetHints":{"allow":["GET"]}}],"collection":[{"href":"https:\/\/www.servicemirkacanada.com\/fr\/wp-json\/wp\/v2\/pages"}],"about":[{"href":"https:\/\/www.servicemirkacanada.com\/fr\/wp-json\/wp\/v2\/types\/page"}],"author":[{"embeddable":true,"href":"https:\/\/www.servicemirkacanada.com\/fr\/wp-json\/wp\/v2\/users\/1"}],"replies":[{"embeddable":true,"href":"https:\/\/www.servicemirkacanada.com\/fr\/wp-json\/wp\/v2\/comments?post=557"}],"version-history":[{"count":5,"href":"https:\/\/www.servicemirkacanada.com\/fr\/wp-json\/wp\/v2\/pages\/557\/revisions"}],"predecessor-version":[{"id":699,"href":"https:\/\/www.servicemirkacanada.com\/fr\/wp-json\/wp\/v2\/pages\/557\/revisions\/699"}],"wp:featuredmedia":[{"embeddable":true,"href":"https:\/\/www.servicemirkacanada.com\/fr\/wp-json\/wp\/v2\/media\/416"}],"wp:attachment":[{"href":"https:\/\/www.servicemirkacanada.com\/fr\/wp-json\/wp\/v2\/media?parent=557"}],"curies":[{"name":"wp","href":"https:\/\/api.w.org\/{rel}","templated":true}]}}