{"id":69,"date":"2020-09-09T21:15:33","date_gmt":"2020-09-10T01:15:33","guid":{"rendered":"https:\/\/www.servicemirkacanada.com\/?page_id=69"},"modified":"2022-02-17T17:01:33","modified_gmt":"2022-02-17T21:01:33","slug":"notre-garantie","status":"publish","type":"page","link":"https:\/\/www.servicemirkacanada.com\/fr\/notre-garantie\/","title":{"rendered":"Notre Garantie"},"content":{"rendered":"\n<p>La gamme d\u2019outils Mirka\u00ae est compos\u00e9e d\u2019appareils de haute qualit\u00e9 destin\u00e9s \u00e0 un usage professionnel. Mirka garantit que vos outils sont exempts de tout vice de fabrication ou li\u00e9 aux mat\u00e9riaux.<\/p>\n\n\n\n<p>Ceci est la traduction du manuel anglais. Nous nous r\u00e9servons le droit d\u2019apporter toutes modifications n\u00e9cessaires \u00e0 ce manuel sans pr\u00e9avis.<\/p>\n\n\n\n<p>Les outils Mirka sont garantis deux ans \u00e0 compter de leur date d\u2019achat. Pour obtenir un an de garantie suppl\u00e9mentaire, enregistrez votre outil Mirka dans un d\u00e9lai de 30 jours suivant votre achat.<\/p>\n\n\n\n<p>La p\u00e9riode de garantie est d\u2019un an lorsque l\u2019outil, la batterie et le chargeurs sont utilis\u00e9s en continu \u00e0 des fins industrielles.<\/p>\n\n\n\n<p>Vous pouvez enregistrer votre outil Mirka, la batterie et son chargeur sur : <a href=\"https:\/\/www.mirka.com\/warranty_registration\/\" data-type=\"URL\" data-id=\"https:\/\/www.mirka.com\/warranty_registration\/\" target=\"_blank\" rel=\"noreferrer noopener\">www.mirka.com\/warranty_registration<\/a><\/p>\n\n\n\n<p>Les certificats de garantie \u00e9tant sp\u00e9cifiques \u00e0 chaque machine et chaque client, chaque outil doit \u00eatre enregistr\u00e9 s\u00e9par\u00e9ment. L\u2019enregistrement et la garantie suppl\u00e9mentaire ne peuvent \u00eatre transf\u00e9r\u00e9s \u00e0 une personne ou une entreprise diff\u00e9rente.<\/p>\n\n\n\n<p>La batterie et le chargeur inclus lors de l\u2019achat de l\u2019outil sont couverts par le programme de garantie 2+1 ans. Les pi\u00e8ces achet\u00e9es s\u00e9par\u00e9ment ne sont pas couvertes par la garantie. La batterie est garantie 2+1 ans ou 300 rechargements \u00e0 compter de la date d\u2019achat, selon la premi\u00e8re occurrence.<\/p>\n\n\n\n<p>Si un outil Mirka rencontre un probl\u00e8me couvert par les termes de la garantie et que ce probl\u00e8me est d\u00fb \u00e0 un d\u00e9faut de fabrication ou des mat\u00e9riaux, Mirka le r\u00e9parera sans frais, conform\u00e9ment aux termes et conditions de la garantie d\u00e9finis ici. Pour que votre garantie reste valable, votre outil doit \u00eatre utilis\u00e9, entretenu et g\u00e9r\u00e9 conform\u00e9ment aux consignes de s\u00e9curit\u00e9 et d\u2019utilisation de Mirka.<\/p>\n\n\n\n<h3 class=\"wp-block-heading\">Termes et conditions<\/h3>\n\n\n\n<p>La garantie des outils Mirka couvre les d\u00e9fauts des mat\u00e9riaux et de fabrication.<\/p>\n\n\n\n<h3 class=\"wp-block-heading\">La garantie ne couvre pas :<\/h3>\n\n\n\n<p>\u2022 Les dommages caus\u00e9s par une utilisation inappropri\u00e9e, des n\u00e9gligences d\u2019utilisation ou de maintenance, les accidents, une exposition \u00e0 des temp\u00e9ratures extr\u00eames, des acides, l\u2019eau, un stockage inadapt\u00e9, un impact trop important ou des dommages dus au transport.<\/p>\n\n\n\n<p>\u2022 Les d\u00e9fauts provoqu\u00e9s par des pi\u00e8ces de rechange, des accessoires ou des composants autres que les pi\u00e8ces ou accessoires de rechange d\u2019origine Mirka.<\/p>\n\n\n\n<p>\u2022 Les outils pneumatiques utilis\u00e9s avec de l\u2019air non filtr\u00e9 ou sans lubrification.<\/p>\n\n\n\n<p>\u2022 Les \u00e9l\u00e9ments dont l\u2019usure et le d\u00e9chirement sont normaux, tels que : plateau, frein de plateau, jupe, rotor, palettes, pot d\u2019\u00e9chappement, silencieux, roulements, charbons, support caoutchouc, batterie (recharg\u00e9e plus de 300 fois) ou c\u00e2ble d\u2019alimentation.<\/p>\n\n\n\n<p>\u2022 Les outils ayant subi : des modifications, des r\u00e9parations ou tentatives de r\u00e9parations (par d\u2019autres personnes que les services agr\u00e9\u00e9s Mirka), un d\u00e9montage partiel ou total.<\/p>\n\n\n\n<p>Les accessoires, coffrets de rangement, \u00e9chantillons de produit et\/ou le mat\u00e9riel publicitaire Mirka ne sont pas couverts par la garantie.<\/p>\n\n\n\n<p><em>Les pi\u00e8ces r\u00e9par\u00e9es ou remplac\u00e9es au cours de la garantie par le centre d\u2019entretien agr\u00e9\u00e9 Mirka restent sous garantie pendant 3 mois. Les r\u00e9parations effectu\u00e9es pendant la p\u00e9riode de garantie ne rallongent ou ne renouvellent pas la p\u00e9riode de garantie d\u2019origine de l\u2019outil.<\/em><\/p>\n\n\n\n<p><em>Seul Mirka est autoris\u00e9 \u00e0 modifier, prolonger ou ajouter des termes et conditions \u00e0 la garantie.<\/em><\/p>\n\n\n\n<p><em>Ces termes de la garantie sont r\u00e9gis et interpr\u00e9t\u00e9s conform\u00e9ment aux lois finlandaises, except\u00e9 la loi et le d\u00e9cret sur la vente \u00e0 l\u2019export de produits. Les consommateurs peuvent se pr\u00e9valoir d\u2019autres droits l\u00e9gaux obligatoires dans leur pays respectif, qui ne sont pas limit\u00e9s par les termes de cette garantie, dans la mesure o\u00f9 la garantie est r\u00e9gie par les lois du pays dans lequel le produit a \u00e9t\u00e9 achet\u00e9 par le consommateur.<\/em><\/p>\n\n\n\n<p><em>Cette garantie ne couvre pas les d\u00e9dommagements des pannes, pertes de production, blessures ou dommages mat\u00e9riels.<\/em><\/p>\n\n\n\n<p><em>Tout conflit, controverse ou r\u00e9clamation faisant suite \u00e0 ou en rapport avec les pr\u00e9sentes conditions de garantie, ou li\u00e9s d\u2019une mani\u00e8re ou d\u2019une autre \u00e0 son contenu y compris, sans s\u2019y restreindre, \u00e0 toute et n\u2019importe quelle r\u00e9clamation li\u00e9e au produit, \u00e0 sa fabrication, \u00e0 toute garantie le couvrant ou \u00e0 tout pr\u00e9tendu d\u00e9faut de ce type de produit, sera r\u00e9gl\u00e9 par arbitrage, conform\u00e9ment aux r\u00e8gles de la Chambre de commerce centrale d\u2019Helsinki par un (1) arbitre d\u00e9sign\u00e9 conform\u00e9ment auxdites r\u00e8gles. L\u2019arbitrage aura lieu \u00e0 Helsinki et la langue utilis\u00e9e au cours des proc\u00e9dures d\u2019arbitrage sera l\u2019anglais. En cas de probl\u00e8mes d\u2019interpr\u00e9tation ou de d\u00e9saccords, la langue d\u2019origine sera utilis\u00e9e. Les consommateurs sont en droit, en vertu de droits obligatoires pr\u00e9vus par la loi, d\u2019engager des proc\u00e9dures l\u00e9gales dans les tribunaux du pays dans lequel ils ont achet\u00e9 le produit ou dans celui o\u00f9 ils\/elles ont \u00e9lu domicile, auquel cas les droits obligatoires pr\u00e9vus par la loi pr\u00e9valent.<\/em><\/p>\n\n\n\n<h3 class=\"wp-block-heading\">R\u00e9clamation au titre de la garantie<\/h3>\n\n\n\n<p>Pour effectuer une demande de r\u00e9paration au titre de la garantie, contactez votre prestataire Mirka ou votre service client\u00e8le Mirka le plus proche.<\/p>\n\n\n\n<p>Les outils renvoy\u00e9s pour \u00eatre r\u00e9par\u00e9s au titre de la garantie doivent \u00eatre accompagn\u00e9s de la preuve d\u2019achat ou de la facture valide. Pour toute r\u00e9paration au cours de la p\u00e9riode de garantie suppl\u00e9mentaire, l\u2019outil doit \u00eatre accompagn\u00e9 d\u2019un justificatif ou d\u2019une facture valides et d\u2019un certificat valide d\u2019extension de la garantie, sans quoi la garantie ne sera pas valable.<\/p>\n\n\n\n<p>Toute r\u00e9clamation au titre de la garantie doit \u00eatre \u00e9mise dans les plus brefs d\u00e9lais. Une r\u00e9clamation au titre de la garantie doit \u00eatre \u00e9mise avant expiration de la garantie.<\/p>\n\n\n\n<div class=\"wp-block-buttons aligncenter is-layout-flex wp-block-buttons-is-layout-flex\">\n<div class=\"wp-block-button\"><a class=\"wp-block-button__link has-text-color has-background\" href=\"https:\/\/www.servicemirkacanada.com\/fr\/formulaire-de-reclamation\/\" style=\"border-radius:1px;background-color:#fec00f;color:#222222\" rel=\"https:\/\/www.servicemirkacanada.com\/fr\/formulaire-de-reclamation\/\">FORMULAIRE DE R\u00c9parATION<\/a><\/div>\n<\/div>\n","protected":false},"excerpt":{"rendered":"<p>La gamme d\u2019outils Mirka\u00ae est compos\u00e9e d\u2019appareils de haute qualit\u00e9 destin\u00e9s \u00e0 un usage professionnel. Mirka garantit que vos outils sont exempts de tout vice de fabrication ou li\u00e9 aux mat\u00e9riaux. Ceci est la traduction du manuel anglais. Nous nous r\u00e9servons le droit d\u2019apporter toutes modifications n\u00e9cessaires \u00e0 ce manuel sans pr\u00e9avis. Les outils Mirka [&hellip;]<\/p>\n","protected":false},"author":1,"featured_media":416,"parent":0,"menu_order":0,"comment_status":"closed","ping_status":"closed","template":"","meta":{"nf_dc_page":"","footnotes":""},"class_list":["post-69","page","type-page","status-publish","has-post-thumbnail","hentry"],"yoast_head":"<!-- This site is optimized with the Yoast SEO plugin v27.4 - https:\/\/yoast.com\/product\/yoast-seo-wordpress\/ -->\n<title>Notre Garantie &#8212; Service Mirka Canada<\/title>\n<meta name=\"robots\" content=\"index, follow, max-snippet:-1, max-image-preview:large, max-video-preview:-1\" \/>\n<link rel=\"canonical\" href=\"https:\/\/www.servicemirkacanada.com\/fr\/notre-garantie\/\" \/>\n<meta property=\"og:locale\" content=\"fr_FR\" \/>\n<meta property=\"og:type\" content=\"article\" \/>\n<meta property=\"og:title\" content=\"Notre Garantie &#8212; Service Mirka Canada\" \/>\n<meta property=\"og:description\" content=\"La gamme d\u2019outils Mirka\u00ae est compos\u00e9e d\u2019appareils de haute qualit\u00e9 destin\u00e9s \u00e0 un usage professionnel. Mirka garantit que vos outils sont exempts de tout vice de fabrication ou li\u00e9 aux mat\u00e9riaux. Ceci est la traduction du manuel anglais. Nous nous r\u00e9servons le droit d\u2019apporter toutes modifications n\u00e9cessaires \u00e0 ce manuel sans pr\u00e9avis. Les outils Mirka [&hellip;]\" \/>\n<meta property=\"og:url\" content=\"https:\/\/www.servicemirkacanada.com\/fr\/notre-garantie\/\" \/>\n<meta property=\"og:site_name\" content=\"Service Mirka Canada\" \/>\n<meta property=\"article:modified_time\" content=\"2022-02-17T21:01:33+00:00\" \/>\n<meta property=\"og:image\" content=\"https:\/\/www.servicemirkacanada.com\/wp-content\/uploads\/2020\/09\/mirka-power-tools-banner-1.jpg\" \/>\n\t<meta property=\"og:image:width\" content=\"1200\" \/>\n\t<meta property=\"og:image:height\" content=\"428\" \/>\n\t<meta property=\"og:image:type\" content=\"image\/jpeg\" \/>\n<meta name=\"twitter:card\" content=\"summary_large_image\" \/>\n<meta name=\"twitter:label1\" content=\"Dur\u00e9e de lecture estim\u00e9e\" \/>\n\t<meta name=\"twitter:data1\" content=\"5 minutes\" \/>\n<script type=\"application\/ld+json\" class=\"yoast-schema-graph\">{\"@context\":\"https:\\\/\\\/schema.org\",\"@graph\":[{\"@type\":\"WebPage\",\"@id\":\"https:\\\/\\\/www.servicemirkacanada.com\\\/fr\\\/notre-garantie\\\/\",\"url\":\"https:\\\/\\\/www.servicemirkacanada.com\\\/fr\\\/notre-garantie\\\/\",\"name\":\"Notre Garantie &#8212; Service Mirka Canada\",\"isPartOf\":{\"@id\":\"https:\\\/\\\/www.servicemirkacanada.com\\\/fr\\\/#website\"},\"primaryImageOfPage\":{\"@id\":\"https:\\\/\\\/www.servicemirkacanada.com\\\/fr\\\/notre-garantie\\\/#primaryimage\"},\"image\":{\"@id\":\"https:\\\/\\\/www.servicemirkacanada.com\\\/fr\\\/notre-garantie\\\/#primaryimage\"},\"thumbnailUrl\":\"https:\\\/\\\/i0.wp.com\\\/www.servicemirkacanada.com\\\/wp-content\\\/uploads\\\/2020\\\/09\\\/mirka-power-tools-banner-1.jpg?fit=1200%2C428&ssl=1\",\"datePublished\":\"2020-09-10T01:15:33+00:00\",\"dateModified\":\"2022-02-17T21:01:33+00:00\",\"breadcrumb\":{\"@id\":\"https:\\\/\\\/www.servicemirkacanada.com\\\/fr\\\/notre-garantie\\\/#breadcrumb\"},\"inLanguage\":\"fr-FR\",\"potentialAction\":[{\"@type\":\"ReadAction\",\"target\":[\"https:\\\/\\\/www.servicemirkacanada.com\\\/fr\\\/notre-garantie\\\/\"]}]},{\"@type\":\"ImageObject\",\"inLanguage\":\"fr-FR\",\"@id\":\"https:\\\/\\\/www.servicemirkacanada.com\\\/fr\\\/notre-garantie\\\/#primaryimage\",\"url\":\"https:\\\/\\\/i0.wp.com\\\/www.servicemirkacanada.com\\\/wp-content\\\/uploads\\\/2020\\\/09\\\/mirka-power-tools-banner-1.jpg?fit=1200%2C428&ssl=1\",\"contentUrl\":\"https:\\\/\\\/i0.wp.com\\\/www.servicemirkacanada.com\\\/wp-content\\\/uploads\\\/2020\\\/09\\\/mirka-power-tools-banner-1.jpg?fit=1200%2C428&ssl=1\",\"width\":1200,\"height\":428,\"caption\":\"Service Mirka Canada\"},{\"@type\":\"BreadcrumbList\",\"@id\":\"https:\\\/\\\/www.servicemirkacanada.com\\\/fr\\\/notre-garantie\\\/#breadcrumb\",\"itemListElement\":[{\"@type\":\"ListItem\",\"position\":1,\"name\":\"Home\",\"item\":\"https:\\\/\\\/www.servicemirkacanada.com\\\/fr\\\/\"},{\"@type\":\"ListItem\",\"position\":2,\"name\":\"Notre Garantie\"}]},{\"@type\":\"WebSite\",\"@id\":\"https:\\\/\\\/www.servicemirkacanada.com\\\/fr\\\/#website\",\"url\":\"https:\\\/\\\/www.servicemirkacanada.com\\\/fr\\\/\",\"name\":\"Service Mirka Canada\",\"description\":\"\",\"publisher\":{\"@id\":\"https:\\\/\\\/www.servicemirkacanada.com\\\/fr\\\/#organization\"},\"potentialAction\":[{\"@type\":\"SearchAction\",\"target\":{\"@type\":\"EntryPoint\",\"urlTemplate\":\"https:\\\/\\\/www.servicemirkacanada.com\\\/fr\\\/?s={search_term_string}\"},\"query-input\":{\"@type\":\"PropertyValueSpecification\",\"valueRequired\":true,\"valueName\":\"search_term_string\"}}],\"inLanguage\":\"fr-FR\"},{\"@type\":\"Organization\",\"@id\":\"https:\\\/\\\/www.servicemirkacanada.com\\\/fr\\\/#organization\",\"name\":\"Service Mirka Canada\",\"url\":\"https:\\\/\\\/www.servicemirkacanada.com\\\/fr\\\/\",\"logo\":{\"@type\":\"ImageObject\",\"inLanguage\":\"fr-FR\",\"@id\":\"https:\\\/\\\/www.servicemirkacanada.com\\\/fr\\\/#\\\/schema\\\/logo\\\/image\\\/\",\"url\":\"https:\\\/\\\/www.servicemirkacanada.com\\\/wp-content\\\/uploads\\\/2020\\\/09\\\/logo_mirka_ok.png\",\"contentUrl\":\"https:\\\/\\\/www.servicemirkacanada.com\\\/wp-content\\\/uploads\\\/2020\\\/09\\\/logo_mirka_ok.png\",\"width\":182,\"height\":40,\"caption\":\"Service Mirka Canada\"},\"image\":{\"@id\":\"https:\\\/\\\/www.servicemirkacanada.com\\\/fr\\\/#\\\/schema\\\/logo\\\/image\\\/\"}}]}<\/script>\n<!-- \/ Yoast SEO plugin. -->","yoast_head_json":{"title":"Notre Garantie &#8212; Service Mirka Canada","robots":{"index":"index","follow":"follow","max-snippet":"max-snippet:-1","max-image-preview":"max-image-preview:large","max-video-preview":"max-video-preview:-1"},"canonical":"https:\/\/www.servicemirkacanada.com\/fr\/notre-garantie\/","og_locale":"fr_FR","og_type":"article","og_title":"Notre Garantie &#8212; Service Mirka Canada","og_description":"La gamme d\u2019outils Mirka\u00ae est compos\u00e9e d\u2019appareils de haute qualit\u00e9 destin\u00e9s \u00e0 un usage professionnel. Mirka garantit que vos outils sont exempts de tout vice de fabrication ou li\u00e9 aux mat\u00e9riaux. Ceci est la traduction du manuel anglais. Nous nous r\u00e9servons le droit d\u2019apporter toutes modifications n\u00e9cessaires \u00e0 ce manuel sans pr\u00e9avis. Les outils Mirka [&hellip;]","og_url":"https:\/\/www.servicemirkacanada.com\/fr\/notre-garantie\/","og_site_name":"Service Mirka Canada","article_modified_time":"2022-02-17T21:01:33+00:00","og_image":[{"width":1200,"height":428,"url":"https:\/\/www.servicemirkacanada.com\/wp-content\/uploads\/2020\/09\/mirka-power-tools-banner-1.jpg","type":"image\/jpeg"}],"twitter_card":"summary_large_image","twitter_misc":{"Dur\u00e9e de lecture estim\u00e9e":"5 minutes"},"schema":{"@context":"https:\/\/schema.org","@graph":[{"@type":"WebPage","@id":"https:\/\/www.servicemirkacanada.com\/fr\/notre-garantie\/","url":"https:\/\/www.servicemirkacanada.com\/fr\/notre-garantie\/","name":"Notre Garantie &#8212; Service Mirka Canada","isPartOf":{"@id":"https:\/\/www.servicemirkacanada.com\/fr\/#website"},"primaryImageOfPage":{"@id":"https:\/\/www.servicemirkacanada.com\/fr\/notre-garantie\/#primaryimage"},"image":{"@id":"https:\/\/www.servicemirkacanada.com\/fr\/notre-garantie\/#primaryimage"},"thumbnailUrl":"https:\/\/i0.wp.com\/www.servicemirkacanada.com\/wp-content\/uploads\/2020\/09\/mirka-power-tools-banner-1.jpg?fit=1200%2C428&ssl=1","datePublished":"2020-09-10T01:15:33+00:00","dateModified":"2022-02-17T21:01:33+00:00","breadcrumb":{"@id":"https:\/\/www.servicemirkacanada.com\/fr\/notre-garantie\/#breadcrumb"},"inLanguage":"fr-FR","potentialAction":[{"@type":"ReadAction","target":["https:\/\/www.servicemirkacanada.com\/fr\/notre-garantie\/"]}]},{"@type":"ImageObject","inLanguage":"fr-FR","@id":"https:\/\/www.servicemirkacanada.com\/fr\/notre-garantie\/#primaryimage","url":"https:\/\/i0.wp.com\/www.servicemirkacanada.com\/wp-content\/uploads\/2020\/09\/mirka-power-tools-banner-1.jpg?fit=1200%2C428&ssl=1","contentUrl":"https:\/\/i0.wp.com\/www.servicemirkacanada.com\/wp-content\/uploads\/2020\/09\/mirka-power-tools-banner-1.jpg?fit=1200%2C428&ssl=1","width":1200,"height":428,"caption":"Service Mirka Canada"},{"@type":"BreadcrumbList","@id":"https:\/\/www.servicemirkacanada.com\/fr\/notre-garantie\/#breadcrumb","itemListElement":[{"@type":"ListItem","position":1,"name":"Home","item":"https:\/\/www.servicemirkacanada.com\/fr\/"},{"@type":"ListItem","position":2,"name":"Notre Garantie"}]},{"@type":"WebSite","@id":"https:\/\/www.servicemirkacanada.com\/fr\/#website","url":"https:\/\/www.servicemirkacanada.com\/fr\/","name":"Service Mirka Canada","description":"","publisher":{"@id":"https:\/\/www.servicemirkacanada.com\/fr\/#organization"},"potentialAction":[{"@type":"SearchAction","target":{"@type":"EntryPoint","urlTemplate":"https:\/\/www.servicemirkacanada.com\/fr\/?s={search_term_string}"},"query-input":{"@type":"PropertyValueSpecification","valueRequired":true,"valueName":"search_term_string"}}],"inLanguage":"fr-FR"},{"@type":"Organization","@id":"https:\/\/www.servicemirkacanada.com\/fr\/#organization","name":"Service Mirka Canada","url":"https:\/\/www.servicemirkacanada.com\/fr\/","logo":{"@type":"ImageObject","inLanguage":"fr-FR","@id":"https:\/\/www.servicemirkacanada.com\/fr\/#\/schema\/logo\/image\/","url":"https:\/\/www.servicemirkacanada.com\/wp-content\/uploads\/2020\/09\/logo_mirka_ok.png","contentUrl":"https:\/\/www.servicemirkacanada.com\/wp-content\/uploads\/2020\/09\/logo_mirka_ok.png","width":182,"height":40,"caption":"Service Mirka Canada"},"image":{"@id":"https:\/\/www.servicemirkacanada.com\/fr\/#\/schema\/logo\/image\/"}}]}},"jetpack_sharing_enabled":true,"_links":{"self":[{"href":"https:\/\/www.servicemirkacanada.com\/fr\/wp-json\/wp\/v2\/pages\/69","targetHints":{"allow":["GET"]}}],"collection":[{"href":"https:\/\/www.servicemirkacanada.com\/fr\/wp-json\/wp\/v2\/pages"}],"about":[{"href":"https:\/\/www.servicemirkacanada.com\/fr\/wp-json\/wp\/v2\/types\/page"}],"author":[{"embeddable":true,"href":"https:\/\/www.servicemirkacanada.com\/fr\/wp-json\/wp\/v2\/users\/1"}],"replies":[{"embeddable":true,"href":"https:\/\/www.servicemirkacanada.com\/fr\/wp-json\/wp\/v2\/comments?post=69"}],"version-history":[{"count":5,"href":"https:\/\/www.servicemirkacanada.com\/fr\/wp-json\/wp\/v2\/pages\/69\/revisions"}],"predecessor-version":[{"id":634,"href":"https:\/\/www.servicemirkacanada.com\/fr\/wp-json\/wp\/v2\/pages\/69\/revisions\/634"}],"wp:featuredmedia":[{"embeddable":true,"href":"https:\/\/www.servicemirkacanada.com\/fr\/wp-json\/wp\/v2\/media\/416"}],"wp:attachment":[{"href":"https:\/\/www.servicemirkacanada.com\/fr\/wp-json\/wp\/v2\/media?parent=69"}],"curies":[{"name":"wp","href":"https:\/\/api.w.org\/{rel}","templated":true}]}}